{"id":4,"date":"2013-07-22T15:01:07","date_gmt":"2013-07-22T15:01:07","guid":{"rendered":"http:\/\/www.skarpnacksbryggeri.se\/?page_id=4"},"modified":"2013-08-05T21:07:21","modified_gmt":"2013-08-05T21:07:21","slug":"om-bryggeriet","status":"publish","type":"page","link":"http:\/\/www.skarpnacksbryggeri.se\/?page_id=4","title":{"rendered":"Om oss"},"content":{"rendered":"<p>Skarpn\u00e4cks Bryggeri best\u00e5r av n\u00e5gra grannar i Skarpn\u00e4ck som gillar \u00f6l. Vi brygger endast f\u00f6r eget bruk och inmundigar oftast god \u00f6l n\u00e4r vi ses f\u00f6r att brygga. I denna blogg kan du f\u00f6lja oss n\u00e4r vi brygger olika \u00f6l.<\/p>\n<p>Johan, Nille och Christian<\/p>\n","protected":false},"excerpt":{"rendered":"<p>Skarpn\u00e4cks Bryggeri best\u00e5r av n\u00e5gra grannar i Skarpn\u00e4ck som gillar \u00f6l. Vi brygger endast f\u00f6r eget bruk och inmundigar oftast god \u00f6l n\u00e4r vi ses f\u00f6r att brygga. I denna blogg kan du f\u00f6lja oss n\u00e4r vi brygger olika \u00f6l. &hellip; <a href=\"http:\/\/www.skarpnacksbryggeri.se\/?page_id=4\">Continue reading <span class=\"meta-nav\">&rarr;<\/span><\/a><\/p>\n","protected":false},"author":2,"featured_media":0,"parent":0,"menu_order":0,"comment_status":"open","ping_status":"open","template":"","meta":[],"_links":{"self":[{"href":"http:\/\/www.skarpnacksbryggeri.se\/index.php?rest_route=\/wp\/v2\/pages\/4"}],"collection":[{"href":"http:\/\/www.skarpnacksbryggeri.se\/index.php?rest_route=\/wp\/v2\/pages"}],"about":[{"href":"http:\/\/www.skarpnacksbryggeri.se\/index.php?rest_route=\/wp\/v2\/types\/page"}],"author":[{"embeddable":true,"href":"http:\/\/www.skarpnacksbryggeri.se\/index.php?rest_route=\/wp\/v2\/users\/2"}],"replies":[{"embeddable":true,"href":"http:\/\/www.skarpnacksbryggeri.se\/index.php?rest_route=%2Fwp%2Fv2%2Fcomments&post=4"}],"version-history":[{"count":3,"href":"http:\/\/www.skarpnacksbryggeri.se\/index.php?rest_route=\/wp\/v2\/pages\/4\/revisions"}],"predecessor-version":[{"id":74,"href":"http:\/\/www.skarpnacksbryggeri.se\/index.php?rest_route=\/wp\/v2\/pages\/4\/revisions\/74"}],"wp:attachment":[{"href":"http:\/\/www.skarpnacksbryggeri.se\/index.php?rest_route=%2Fwp%2Fv2%2Fmedia&parent=4"}],"curies":[{"name":"wp","href":"https:\/\/api.w.org\/{rel}","templated":true}]}}